{"id":16770,"date":"2021-12-26T17:00:45","date_gmt":"2021-12-26T17:00:45","guid":{"rendered":"https:\/\/whys.dev\/cookie-policy\/"},"modified":"2021-12-26T17:00:46","modified_gmt":"2021-12-26T17:00:46","slug":"cookie-policy","status":"publish","type":"page","link":"https:\/\/whys.dev\/en\/cookie-policy\/","title":{"rendered":"Cookie policy"},"content":{"rendered":"\t\t<div data-elementor-type=\"wp-page\" data-elementor-id=\"16770\" class=\"elementor elementor-16770 elementor-16692\" data-elementor-post-type=\"page\">\n\t\t\t\t\t\t<section class=\"elementor-section elementor-top-section elementor-element elementor-element-40d151ad elementor-section-full_width elementor-hidden-desktop elementor-section-height-default elementor-section-height-default\" data-id=\"40d151ad\" data-element_type=\"section\">\n\t\t\t\t\t\t<div class=\"elementor-container elementor-column-gap-no\">\n\t\t\t\t\t<div class=\"elementor-column elementor-col-100 elementor-top-column elementor-element elementor-element-3753bc7f\" data-id=\"3753bc7f\" data-element_type=\"column\">\n\t\t\t<div class=\"elementor-widget-wrap elementor-element-populated\">\n\t\t\t\t\t\t<div class=\"elementor-element elementor-element-231dab4c elementor-widget elementor-widget-html\" data-id=\"231dab4c\" data-element_type=\"widget\" data-widget_type=\"html.default\">\n\t\t\t\t<div class=\"elementor-widget-container\">\n\t\t\t\t\t<head>\r\n\t\t<meta charset=\"utf-8\" \/>\r\n\t\t<title>Whys - We make web and mobile apps<\/title>\r\n\t\t<!--[if IE]><meta http-equiv='X-UA-Compatible' content='IE=edge,chrome=1'><![endif]-->\r\n\t\t<meta name=\"viewport\" content=\"width=device-width, initial-scale=1.0, maximum-scale=1.0, user-scalable=no\" \/>\r\n\t\t<meta name=\"author\" content=\"Whys\" \/>\r\n\t\t<meta name=\"description\" content=\"We communicate, meet deadlines, and before designing a website we ask WHY thousand times. And then we deliver a functional solution.\" \/>\r\n\r\n\t\t<link rel=\"stylesheet\" href=\"\/whys.eu\/css\/style.css\" \/>\r\n\r\n\t\t<script src=\"https:\/\/code.jquery.com\/jquery-1.11.1.min.js\" type=\"text\/javascript\"><\/script>\r\n\t\t<script src=\"\/whys.eu\/js\/smooth-scroll.min.js\"><\/script>\r\n\t  \t<script src=\"\/whys.eu\/js\/functions-min.js\"><\/script>\r\n\t\t\r\n\t\t<link rel=\"shortcut icon\" href=\".\/favicon.ico\" \/>\r\n\r\n\t\t<meta property=\"og:type\" content=\"website\" \/>\r\n\t\t<meta property=\"og:site_name\" content=\"whys.dev\" \/>\r\n\t\t<meta property=\"og:url\" content=\"https:\/\/whys.dev\" \/>\r\n\t\t<meta property=\"og:title\" content=\"Whys\" \/>\r\n\t\t<meta property=\"og:description\" content=\"We make web and mobile apps\" \/>\r\n\t\t<meta property=\"og:image\" content=\"https:\/\/whys.dev\/cs\/img\/bg-header-image1-1280-withoutDesc.jpg\" \/>\r\n\r\n\t\t<link rel=\"canonical\" href=\"https:\/\/whys.dev\" \/>\r\n\t<\/head>\r\n\t\t<body class=\"page-homepage page-withImageHeader\">\r\n                <!-- Google Tag Manager (noscript) -->\r\n                <noscript><iframe src=\"https:\/\/www.googletagmanager.com\/ns.html?id=GTM-P9BCPTT\"\r\n                height=\"0\" width=\"0\" style=\"display:none;visibility:hidden\"><\/iframe><\/noscript>\r\n                <!-- End Google Tag Manager (noscript) -->\r\n\r\n\t\t<header id=\"header\" class=\"header\">\r\n\t\t\t<div class=\"row-m\">\r\n\t\t\t\t<a href=\"\/\" class=\"logo\"><img decoding=\"async\" src=\"\/whys.eu\/img\/logo-whys.svg\" alt=\"Logo - Whys\" title=\"\"><\/a>\r\n\t\t\t<\/div>\r\n\t\t<\/header>\t\t\r\n\t\t\r\n\t\t\t<nav id=\"menu-main\" class=\"menu-main\">\r\n\t\t\t<h1 class=\"vhide\">Main menu<\/h1>\r\n\t\t\t<ul class=\"reset ul-menu\">\r\n\t\t\t\t<li><a href=\"https:\/\/whys.dev\/en\/whyshop\/\">B2B a B2C e-shopy<\/a>\r\n\t\t\t\t<\/li>\r\n\t\t\t\t<li><a href=\"https:\/\/whys.dev\/en\/syncagent\/\">Integrace s ERP<\/a><\/li>\r\n\t\t\t\t<li><a href=\"https:\/\/whys.dev\/en\/services\/\">Slu\u017eby<\/a><\/li>\r\n\t\t\t\t<li><a href=\"https:\/\/whys.dev\/en\/our-work\/\">Reference<\/a><\/li>\r\n                    <li><a href=\"https:\/\/whys.dev\/en\/webinars\/\">Webin\u00e1\u0159e<\/a><\/li>                <li><a href=\"https:\/\/whys.dev\/en\/career\/\">Kari\u00e9ra<\/a><\/li>\r\n\t\t\t\t<li><a href=\"https:\/\/whys.dev\/en\/team\/\">T\u00fdm<\/a><\/li>\r\n\t\t\t\t<li class=\"blog_show\"><a href=\"https:\/\/whys.dev\/en\/blog\/\">Blog<\/a><\/li>\r\n\t\t\t\t<li class=\"contact\"><a href=\"https:\/\/whys.dev\/en\/contact\/\">Kontakt<\/a><\/li>\r\n\t\t\t<\/ul>\r\n\t\t<\/nav>\r\n\t\t<div class=\"abs-hamb\">\r\n\t\t\t<span><\/span>\r\n\t\t\t<span><\/span>\r\n\t\t\t<span><\/span>\r\n\t\t\t<span><\/span>\r\n\t\t\t<strong>Main menu<\/strong>\r\n\t\t<\/div>\r\n\t\t<a class=\"abs-call\" href=\"tel:+420 778 785 023\">Call number: +420 778 785 023<\/a>\r\n\r\n\t<\/body>\r\n<\/html>\r\n\r\n<style>\r\n.menu-main{\r\n    display:none;\r\n        z-index:99999;\r\n}\r\n\r\n.fakt_u a {color:white !important;}\r\n\r\n.header{\r\n    margin-top:-32px;\r\n}\r\n<\/style>\r\n\r\n\t\t<\/div>\n\t\t\t\t<\/div>\n\t\t\t\t\t<\/div>\n\t\t<\/div>\n\t\t\t\t\t<\/div>\n\t\t<\/section>\n\t\t\t\t<section class=\"elementor-section elementor-top-section elementor-element elementor-element-57288c7f elementor-section-full_width elementor-hidden-tablet elementor-hidden-phone elementor-section-height-default elementor-section-height-default\" data-id=\"57288c7f\" data-element_type=\"section\">\n\t\t\t\t\t\t<div class=\"elementor-container elementor-column-gap-no\">\n\t\t\t\t\t<div class=\"elementor-column elementor-col-100 elementor-top-column elementor-element elementor-element-22144658\" data-id=\"22144658\" data-element_type=\"column\">\n\t\t\t<div class=\"elementor-widget-wrap elementor-element-populated\">\n\t\t\t\t\t\t\t<\/div>\n\t\t<\/div>\n\t\t\t\t\t<\/div>\n\t\t<\/section>\n\t\t\t\t<section class=\"elementor-section elementor-top-section elementor-element elementor-element-1bf9dc9d elementor-hidden-phone elementor-hidden-tablet elementor-section-boxed elementor-section-height-default elementor-section-height-default\" data-id=\"1bf9dc9d\" data-element_type=\"section\">\n\t\t\t\t\t\t<div class=\"elementor-container elementor-column-gap-default\">\n\t\t\t\t\t<div class=\"elementor-column elementor-col-50 elementor-top-column elementor-element elementor-element-6aee8475\" data-id=\"6aee8475\" data-element_type=\"column\">\n\t\t\t<div class=\"elementor-widget-wrap elementor-element-populated\">\n\t\t\t\t\t\t<div class=\"elementor-element elementor-element-b8daa69 elementor-widget elementor-widget-image\" data-id=\"b8daa69\" data-element_type=\"widget\" data-widget_type=\"image.default\">\n\t\t\t\t<div class=\"elementor-widget-container\">\n\t\t\t\t\t\t\t\t\t\t\t\t\t\t<a href=\"\/en\">\n\t\t\t\t\t\t\t<img decoding=\"async\" width=\"1\" height=\"1\" src=\"https:\/\/whys.dev\/wp-content\/uploads\/2020\/12\/logo-whys-2.svg\" class=\"attachment-large size-large wp-image-120\" alt=\"\" title=\"\">\t\t\t\t\t\t\t\t<\/a>\n\t\t\t\t\t\t\t\t\t\t\t\t\t<\/div>\n\t\t\t\t<\/div>\n\t\t\t\t\t<\/div>\n\t\t<\/div>\n\t\t\t\t<div class=\"elementor-column elementor-col-50 elementor-top-column elementor-element elementor-element-6244c55\" data-id=\"6244c55\" data-element_type=\"column\">\n\t\t\t<div class=\"elementor-widget-wrap elementor-element-populated\">\n\t\t\t\t\t\t<div class=\"elementor-element elementor-element-4fe2edeb elementor-nav-menu__align-end elementor-nav-menu--dropdown-mobile main-menu elementor-nav-menu__text-align-aside elementor-nav-menu--toggle elementor-nav-menu--burger elementor-widget elementor-widget-nav-menu\" data-id=\"4fe2edeb\" data-element_type=\"widget\" data-settings=\"{&quot;submenu_icon&quot;:{&quot;value&quot;:&quot;&lt;i class=\\&quot;fas fa-chevron-down\\&quot;&gt;&lt;\\\/i&gt;&quot;,&quot;library&quot;:&quot;fa-solid&quot;},&quot;layout&quot;:&quot;horizontal&quot;,&quot;toggle&quot;:&quot;burger&quot;}\" data-widget_type=\"nav-menu.default\">\n\t\t\t\t<div class=\"elementor-widget-container\">\n\t\t\t\t\t\t<nav class=\"elementor-nav-menu--main elementor-nav-menu__container elementor-nav-menu--layout-horizontal e--pointer-underline e--animation-grow\">\n\t\t\t\t<ul id=\"menu-1-4fe2edeb\" class=\"elementor-nav-menu\"><li class=\"menu-item menu-item-type-custom menu-item-object-custom menu-item-has-children menu-item-14996\"><a class=\"elementor-item\">Services<\/a>\n<ul class=\"sub-menu elementor-nav-menu--dropdown\">\n\t<li class=\"menu-item menu-item-type-post_type menu-item-object-page menu-item-14993\"><a href=\"https:\/\/whys.dev\/en\/whyshop\/\" class=\"elementor-sub-item\">B2B and B2C e-shops<\/a><\/li>\n\t<li class=\"menu-item menu-item-type-post_type menu-item-object-page menu-item-14994\"><a href=\"https:\/\/whys.dev\/en\/symmy\/\" class=\"elementor-sub-item\">Symmy<\/a><\/li>\n\t<li class=\"menu-item menu-item-type-post_type menu-item-object-page menu-item-14990\"><a href=\"https:\/\/whys.dev\/en\/services\/\" class=\"elementor-sub-item\">Other services<\/a><\/li>\n<\/ul>\n<\/li>\n<li class=\"menu-item menu-item-type-post_type menu-item-object-page menu-item-15132\"><a href=\"https:\/\/whys.dev\/en\/our-work\/\" class=\"elementor-item\">References<\/a><\/li>\n<li class=\"menu-item menu-item-type-post_type menu-item-object-page menu-item-14995\"><a href=\"https:\/\/whys.dev\/en\/webinars\/\" class=\"elementor-item\">Webinars<\/a><\/li>\n<li class=\"menu-item menu-item-type-post_type menu-item-object-page menu-item-16665\"><a href=\"https:\/\/whys.dev\/en\/career\/\" class=\"elementor-item\">Career<\/a><\/li>\n<li class=\"menu-item menu-item-type-post_type menu-item-object-page menu-item-16674\"><a href=\"https:\/\/whys.dev\/en\/team\/\" class=\"elementor-item\">Team<\/a><\/li>\n<li class=\"menu-item menu-item-type-post_type menu-item-object-page menu-item-16681\"><a href=\"https:\/\/whys.dev\/en\/blog\/\" class=\"elementor-item\">Blog<\/a><\/li>\n<li class=\"menu-item menu-item-type-post_type menu-item-object-page menu-item-15129\"><a href=\"https:\/\/whys.dev\/en\/contact\/\" class=\"elementor-item\">Contact<\/a><\/li>\n<li class=\"menu-item wpml-ls-slot-6 wpml-ls-item wpml-ls-item-en wpml-ls-current-language wpml-ls-menu-item wpml-ls-last-item menu-item-type-wpml_ls_menu_item menu-item-object-wpml_ls_menu_item menu-item-has-children menu-item-wpml-ls-6-en\"><a href=\"https:\/\/whys.dev\/en\/\" title=\"EN\" class=\"elementor-item\"><span class=\"wpml-ls-display\">EN<\/span><\/a>\n<ul class=\"sub-menu elementor-nav-menu--dropdown\">\n\t<li class=\"menu-item wpml-ls-slot-6 wpml-ls-item wpml-ls-item-cs wpml-ls-menu-item wpml-ls-first-item menu-item-type-wpml_ls_menu_item menu-item-object-wpml_ls_menu_item menu-item-wpml-ls-6-cs\"><a href=\"https:\/\/whys.dev\/\" title=\"CZ\" class=\"elementor-sub-item\"><span class=\"wpml-ls-display\">CZ<\/span><\/a><\/li>\n<\/ul>\n<\/li>\n<\/ul>\t\t\t<\/nav>\n\t\t\t\t\t<div class=\"elementor-menu-toggle\" role=\"button\" tabindex=\"0\" aria-label=\"Menu Toggle\" aria-expanded=\"false\">\n\t\t\t<i aria-hidden=\"true\" role=\"presentation\" class=\"elementor-menu-toggle__icon--open eicon-menu-bar\"><\/i><i aria-hidden=\"true\" role=\"presentation\" class=\"elementor-menu-toggle__icon--close eicon-close\"><\/i>\t\t\t<span class=\"elementor-screen-only\">Menu<\/span>\n\t\t<\/div>\n\t\t\t\t\t<nav class=\"elementor-nav-menu--dropdown elementor-nav-menu__container\" aria-hidden=\"true\">\n\t\t\t\t<ul id=\"menu-2-4fe2edeb\" class=\"elementor-nav-menu\"><li class=\"menu-item menu-item-type-custom menu-item-object-custom menu-item-has-children menu-item-14996\"><a class=\"elementor-item\" tabindex=\"-1\">Services<\/a>\n<ul class=\"sub-menu elementor-nav-menu--dropdown\">\n\t<li class=\"menu-item menu-item-type-post_type menu-item-object-page menu-item-14993\"><a href=\"https:\/\/whys.dev\/en\/whyshop\/\" class=\"elementor-sub-item\" tabindex=\"-1\">B2B and B2C e-shops<\/a><\/li>\n\t<li class=\"menu-item menu-item-type-post_type menu-item-object-page menu-item-14994\"><a href=\"https:\/\/whys.dev\/en\/symmy\/\" class=\"elementor-sub-item\" tabindex=\"-1\">Symmy<\/a><\/li>\n\t<li class=\"menu-item menu-item-type-post_type menu-item-object-page menu-item-14990\"><a href=\"https:\/\/whys.dev\/en\/services\/\" class=\"elementor-sub-item\" tabindex=\"-1\">Other services<\/a><\/li>\n<\/ul>\n<\/li>\n<li class=\"menu-item menu-item-type-post_type menu-item-object-page menu-item-15132\"><a href=\"https:\/\/whys.dev\/en\/our-work\/\" class=\"elementor-item\" tabindex=\"-1\">References<\/a><\/li>\n<li class=\"menu-item menu-item-type-post_type menu-item-object-page menu-item-14995\"><a href=\"https:\/\/whys.dev\/en\/webinars\/\" class=\"elementor-item\" tabindex=\"-1\">Webinars<\/a><\/li>\n<li class=\"menu-item menu-item-type-post_type menu-item-object-page menu-item-16665\"><a href=\"https:\/\/whys.dev\/en\/career\/\" class=\"elementor-item\" tabindex=\"-1\">Career<\/a><\/li>\n<li class=\"menu-item menu-item-type-post_type menu-item-object-page menu-item-16674\"><a href=\"https:\/\/whys.dev\/en\/team\/\" class=\"elementor-item\" tabindex=\"-1\">Team<\/a><\/li>\n<li class=\"menu-item menu-item-type-post_type menu-item-object-page menu-item-16681\"><a href=\"https:\/\/whys.dev\/en\/blog\/\" class=\"elementor-item\" tabindex=\"-1\">Blog<\/a><\/li>\n<li class=\"menu-item menu-item-type-post_type menu-item-object-page menu-item-15129\"><a href=\"https:\/\/whys.dev\/en\/contact\/\" class=\"elementor-item\" tabindex=\"-1\">Contact<\/a><\/li>\n<li class=\"menu-item wpml-ls-slot-6 wpml-ls-item wpml-ls-item-en wpml-ls-current-language wpml-ls-menu-item wpml-ls-last-item menu-item-type-wpml_ls_menu_item menu-item-object-wpml_ls_menu_item menu-item-has-children menu-item-wpml-ls-6-en\"><a href=\"https:\/\/whys.dev\/en\/\" title=\"EN\" class=\"elementor-item\" tabindex=\"-1\"><span class=\"wpml-ls-display\">EN<\/span><\/a>\n<ul class=\"sub-menu elementor-nav-menu--dropdown\">\n\t<li class=\"menu-item wpml-ls-slot-6 wpml-ls-item wpml-ls-item-cs wpml-ls-menu-item wpml-ls-first-item menu-item-type-wpml_ls_menu_item menu-item-object-wpml_ls_menu_item menu-item-wpml-ls-6-cs\"><a href=\"https:\/\/whys.dev\/\" title=\"CZ\" class=\"elementor-sub-item\" tabindex=\"-1\"><span class=\"wpml-ls-display\">CZ<\/span><\/a><\/li>\n<\/ul>\n<\/li>\n<\/ul>\t\t\t<\/nav>\n\t\t\t\t<\/div>\n\t\t\t\t<\/div>\n\t\t\t\t\t<\/div>\n\t\t<\/div>\n\t\t\t\t\t<\/div>\n\t\t<\/section>\n\t\t\t\t<section class=\"elementor-section elementor-top-section elementor-element elementor-element-34f6616c elementor-section-boxed elementor-section-height-default elementor-section-height-default\" data-id=\"34f6616c\" data-element_type=\"section\">\n\t\t\t\t\t\t<div class=\"elementor-container elementor-column-gap-default\">\n\t\t\t\t\t<div class=\"elementor-column elementor-col-100 elementor-top-column elementor-element elementor-element-613cdf0d\" data-id=\"613cdf0d\" data-element_type=\"column\">\n\t\t\t<div class=\"elementor-widget-wrap elementor-element-populated\">\n\t\t\t\t\t\t<div class=\"elementor-element elementor-element-dfe62df elementor-widget elementor-widget-heading\" data-id=\"dfe62df\" data-element_type=\"widget\" data-widget_type=\"heading.default\">\n\t\t\t\t<div class=\"elementor-widget-container\">\n\t\t\t<h2 class=\"elementor-heading-title elementor-size-default\">Cookie policy<\/h2>\t\t<\/div>\n\t\t\t\t<\/div>\n\t\t\t\t\t<\/div>\n\t\t<\/div>\n\t\t\t\t\t<\/div>\n\t\t<\/section>\n\t\t\t\t<section class=\"elementor-section elementor-top-section elementor-element elementor-element-0a91544 elementor-section-boxed elementor-section-height-default elementor-section-height-default\" data-id=\"0a91544\" data-element_type=\"section\">\n\t\t\t\t\t\t<div class=\"elementor-container elementor-column-gap-default\">\n\t\t\t\t\t<div class=\"elementor-column elementor-col-100 elementor-top-column elementor-element elementor-element-2d8cc7b\" data-id=\"2d8cc7b\" data-element_type=\"column\">\n\t\t\t<div class=\"elementor-widget-wrap elementor-element-populated\">\n\t\t\t\t\t\t<div class=\"elementor-element elementor-element-477fc4c elementor-widget elementor-widget-text-editor\" data-id=\"477fc4c\" data-element_type=\"widget\" data-widget_type=\"text-editor.default\">\n\t\t\t\t<div class=\"elementor-widget-container\">\n\t\t\t\t\t\t\t<h2 class=\"p3\"><span style=\"color: #ffffff;\" data-darkreader-inline-color=\"\"><b>What are cookies<\/b><\/span><\/h2>\n<p class=\"p4\">In order to improve the service we provide to you, our site uses cookies. Cookies are small files that store information in your browser and are commonly used to distinguish individual users. However, a user&#8217;s person is not identifiable based on this information.<\/p>\n<p class=\"p4\">Cookies thus help, for example:<\/p>\n<ul class=\"ul1\">\n<li class=\"li4\">ke the correct functionality of our site to enable you to complete the purchase process with the least possible inconvenience;<\/li>\n<li class=\"li4\">in remembering our customers&#8217; login credentials so they don&#8217;t have to enter them every time;<\/li>\n<li class=\"li4\">to find out which pages and features visitors use most often, so we can best tailor our offerings to your needs;<\/li>\n<li class=\"li4\">help us find out which ads visitors see most often, so they don&#8217;t see the same ads over and over as they browse, or so they don&#8217;t see ads for products they&#8217;re not interested in.<\/li>\n<\/ul>\n<p class=\"p4\">For more general information on cookies, please see e.g.\u00a0<a href=\"http:\/\/cs.wikipedia.org\/wiki\/HTTP_cookie\" target=\"_blank\" rel=\"noopener\"><span class=\"s2\">here<\/span><\/a>.<\/p>\n<h2 class=\"p3\"><span style=\"color: #ffffff;\" data-darkreader-inline-color=\"\"><b>What cookies we use<\/b><\/span><\/h2>\n<p class=\"p4\">The cookies used on our website can be divided into two basic types in terms of their durability. Short-term &#8220;session cookies&#8221; which are only temporary and remain stored in your browser only until you close your browser, and long-term &#8220;persistent cookies&#8221; which remain stored on your device for much longer or until you manually delete them (the length of time cookies remain on your device depends on the setting of the cookie itself and your browser settings).<\/p>\n<p class=\"p4\">In terms of the function that each cookie performs, cookies can be divided into:<\/p>\n<ul class=\"ul1\">\n<li class=\"li4\"><b>tracking<\/b>\u00a0and\u00a0<b>conversion<\/b>, which, combined with conversion rates, help analyse the performance of different sales channels;<\/li>\n<li class=\"li4\"><b>remarketing<\/b>that we use to personalise the content of ads and target them correctly;<\/li>\n<li class=\"li4\"><b>analytical<\/b>to help us improve the user experience of our website by understanding how users use it;<\/li>\n<li class=\"li4\"><b>esential<\/b> that are important for the basic functionality of the website.<\/li>\n<\/ul>\n<p class=\"p4\">Some cookies may collect information that is subsequently used by third parties and which, for example, directly supports our advertising activities (&#8220;third party cookies&#8221;). For example, information about products purchased by visitors to our site may be displayed by an advertising agency so that we can better tailor the display of internet advertising banners on the websites you view. However, you cannot be identified by this information.<\/p>\n<p class=\"p4\">We use the following cookies on our site:<\/p>\n<table class=\"t1\" cellspacing=\"0\" cellpadding=\"0\">\n<tbody>\n<tr>\n<td class=\"td1\" valign=\"top\">\n<p class=\"p4\"><b>PUBLISHER \/ COOKIE NAME<\/b><\/p>\n<\/td>\n<td class=\"td1\" valign=\"top\">\n<p class=\"p4\"><b>TYPE<\/b><\/p>\n<\/td>\n<\/tr>\n<tr>\n<td class=\"td1\" valign=\"top\">\n<p class=\"p4\"><b>Facebook<\/b><\/p>\n<\/td>\n<td class=\"td1\" valign=\"top\">\n<p class=\"p4\">Esential<\/p>\n<\/td>\n<\/tr>\n<tr>\n<td class=\"td1\" valign=\"top\">\n<p class=\"p4\"><b>Elementor<\/b><\/p>\n<\/td>\n<td class=\"td1\" valign=\"top\">\n<p class=\"p4\">Esential<\/p>\n<\/td>\n<\/tr>\n<tr>\n<td class=\"td1\" valign=\"top\">\n<p class=\"p4\"><b>Google Analytics<\/b><\/p>\n<\/td>\n<td class=\"td1\" valign=\"top\">\n<p class=\"p4\">Analytical<\/p>\n<\/td>\n<\/tr>\n<tr>\n<td class=\"td1\" valign=\"top\">\n<p class=\"p4\"><b>Mouseflow<\/b><\/p>\n<\/td>\n<td class=\"td1\" valign=\"top\">\n<p class=\"p4\">Analytical<\/p>\n<\/td>\n<\/tr>\n<tr>\n<td class=\"td1\" valign=\"top\">\n<p class=\"p4\"><b>Rubicon<\/b><\/p>\n<\/td>\n<td class=\"td1\" valign=\"top\">\n<p class=\"p4\">Remarketing<\/p>\n<\/td>\n<\/tr>\n<\/tbody>\n<\/table>\n<h2 class=\"p4\"><span style=\"color: #ffffff;\" data-darkreader-inline-color=\"\"><b>How to refuse the use of cookies<\/b><\/span><\/h2>\n<p class=\"p4\">The use of cookies can be set using your internet browser. Most browsers automatically accept cookies by default. You can refuse cookies or set your web browser to use only certain cookies.<\/p>\n<p class=\"p4\">Information about browsers and how to set your cookie preferences can be found on the following websites:<\/p>\n<p class=\"p6\"><span class=\"s3\"><a href=\"https:\/\/support.google.com\/accounts\/answer\/61416?hl=cs\" target=\"_blank\" rel=\"noopener\">Chrome<\/a><\/span><span class=\"s4\"><br \/>\n<a href=\"http:\/\/support.mozilla.org\/cs\/kb\/Pr%C3%A1ce%20s%20cookies\" target=\"_blank\" rel=\"noopener\"><span class=\"s3\">Firefox\u00a0<\/span><\/a><br \/>\n<a href=\"http:\/\/support.microsoft.com\/kb\/283185\/cs\" target=\"_blank\" rel=\"noopener\"><span class=\"s3\">Internet Explorer<\/span><\/a><\/span><\/p>\n<p class=\"p4\">An effective cookie management tool is also available at\u00a0<a href=\"http:\/\/www.youronlinechoices.com\/cz\/\" target=\"_blank\" rel=\"noopener\"><span class=\"s2\">http:\/\/www.youronlinechoices.com\/cz\/<\/span><\/a><\/p>\n<p class=\"p4\"><b>By using this website, you agree to this processing of cookies.<\/b><\/p>\n\t\t\t\t\t\t<\/div>\n\t\t\t\t<\/div>\n\t\t\t\t\t<\/div>\n\t\t<\/div>\n\t\t\t\t\t<\/div>\n\t\t<\/section>\n\t\t\t\t<section class=\"elementor-section elementor-top-section elementor-element elementor-element-6a303e67 elementor-section-boxed elementor-section-height-default elementor-section-height-default\" data-id=\"6a303e67\" data-element_type=\"section\">\n\t\t\t\t\t\t<div class=\"elementor-container elementor-column-gap-default\">\n\t\t\t\t\t<div class=\"elementor-column elementor-col-50 elementor-top-column elementor-element elementor-element-124ba78e\" data-id=\"124ba78e\" data-element_type=\"column\" data-settings=\"{&quot;background_background&quot;:&quot;gradient&quot;}\">\n\t\t\t<div class=\"elementor-widget-wrap elementor-element-populated\">\n\t\t\t\t\t\t<div class=\"elementor-element elementor-element-96020fb elementor-widget elementor-widget-heading\" data-id=\"96020fb\" data-element_type=\"widget\" data-widget_type=\"heading.default\">\n\t\t\t\t<div class=\"elementor-widget-container\">\n\t\t\t<h2 class=\"elementor-heading-title elementor-size-default\">Follow us on social networks!<\/h2>\t\t<\/div>\n\t\t\t\t<\/div>\n\t\t\t\t\t<\/div>\n\t\t<\/div>\n\t\t\t\t<div class=\"elementor-column elementor-col-50 elementor-top-column elementor-element elementor-element-3424facd\" data-id=\"3424facd\" data-element_type=\"column\" data-settings=\"{&quot;background_background&quot;:&quot;classic&quot;}\">\n\t\t\t<div class=\"elementor-widget-wrap elementor-element-populated\">\n\t\t\t\t\t\t<div class=\"elementor-element elementor-element-6f6962b5 elementor-cta--skin-cover elementor-widget elementor-widget-call-to-action\" data-id=\"6f6962b5\" data-element_type=\"widget\" data-widget_type=\"call-to-action.default\">\n\t\t\t\t<div class=\"elementor-widget-container\">\n\t\t\t\t\t<a class=\"elementor-cta\" href=\"https:\/\/www.linkedin.com\/organization-guest\/company\/wearewhys\" target=\"_blank\" rel=\"noopener\">\n\t\t\t\t\t<div class=\"elementor-cta__bg-wrapper\">\n\t\t\t\t<div class=\"elementor-cta__bg elementor-bg\" style=\"background-image: url();\" role=\"img\" aria-label=\"\"><\/div>\n\t\t\t\t<div class=\"elementor-cta__bg-overlay\"><\/div>\n\t\t\t<\/div>\n\t\t\t\t\t\t\t<div class=\"elementor-cta__content\">\n\t\t\t\t\t\t\t\t\t<div class=\"elementor-content-item elementor-cta__content-item elementor-icon-wrapper elementor-cta__icon elementor-view-default\">\n\t\t\t\t\t\t<div class=\"elementor-icon\">\n\t\t\t\t\t\t\t<i aria-hidden=\"true\" class=\"fab fa-linkedin-in\"><\/i>\t\t\t\t\t\t<\/div>\n\t\t\t\t\t<\/div>\n\t\t\t\t\n\t\t\t\t\n\t\t\t\t\n\t\t\t\t\t\t\t<\/div>\n\t\t\t\t\t\t<\/a>\n\t\t\t\t<\/div>\n\t\t\t\t<\/div>\n\t\t\t\t\t<\/div>\n\t\t<\/div>\n\t\t\t\t\t<\/div>\n\t\t<\/section>\n\t\t\t\t<section class=\"elementor-section elementor-top-section elementor-element elementor-element-40bd304c elementor-section-height-min-height elementor-section-items-stretch elementor-section-boxed elementor-section-height-default\" data-id=\"40bd304c\" data-element_type=\"section\" data-settings=\"{&quot;background_background&quot;:&quot;classic&quot;}\">\n\t\t\t\t\t\t<div class=\"elementor-container elementor-column-gap-no\">\n\t\t\t\t\t<div class=\"elementor-column elementor-col-100 elementor-top-column elementor-element elementor-element-5f21b54a\" data-id=\"5f21b54a\" data-element_type=\"column\" data-settings=\"{&quot;background_background&quot;:&quot;classic&quot;}\">\n\t\t\t<div class=\"elementor-widget-wrap elementor-element-populated\">\n\t\t\t\t\t\t<div class=\"elementor-element elementor-element-22e1c6d9 elementor-widget elementor-widget-text-editor\" data-id=\"22e1c6d9\" data-element_type=\"widget\" data-widget_type=\"text-editor.default\">\n\t\t\t\t<div class=\"elementor-widget-container\">\n\t\t\t\t\t\t\t<p>\u00a92021 Whys | <a href=\"https:\/\/whys.dev\/en\/cookies-settings\/\">Cookies settings<\/a> | <a href=\"https:\/\/whys.dev\/en\/cookie-policy\/\">Cookie policy<\/a><\/p>\n<div id=\"gtx-trans\" style=\"position: absolute; left: 104px; top: -10px;\">\n<div class=\"gtx-trans-icon\"><\/div>\n<\/div>\n\t\t\t\t\t\t<\/div>\n\t\t\t\t<\/div>\n\t\t\t\t\t<\/div>\n\t\t<\/div>\n\t\t\t\t\t<\/div>\n\t\t<\/section>\n\t\t\t\t<\/div>\n\t\t","protected":false},"excerpt":{"rendered":"<p>Whys &#8211; We make web and mobile apps Main menu B2B a B2C e-shopy Integrace s ERP Slu\u017eby Reference Webin\u00e1\u0159e Kari\u00e9ra T\u00fdm Blog Kontakt Main menu Call number: +420 778 785 023 What are cookies In order to improve the service we provide to you, our site uses cookies. Cookies are small files that store [&hellip;]<\/p>\n","protected":false},"author":1,"featured_media":0,"parent":0,"menu_order":0,"comment_status":"closed","ping_status":"closed","template":"elementor_canvas","meta":{"_acf_changed":false,"footnotes":""},"class_list":["post-16770","page","type-page","status-publish","hentry"],"acf":[],"_links":{"self":[{"href":"https:\/\/whys.dev\/en\/wp-json\/wp\/v2\/pages\/16770","targetHints":{"allow":["GET"]}}],"collection":[{"href":"https:\/\/whys.dev\/en\/wp-json\/wp\/v2\/pages"}],"about":[{"href":"https:\/\/whys.dev\/en\/wp-json\/wp\/v2\/types\/page"}],"author":[{"embeddable":true,"href":"https:\/\/whys.dev\/en\/wp-json\/wp\/v2\/users\/1"}],"replies":[{"embeddable":true,"href":"https:\/\/whys.dev\/en\/wp-json\/wp\/v2\/comments?post=16770"}],"version-history":[{"count":1,"href":"https:\/\/whys.dev\/en\/wp-json\/wp\/v2\/pages\/16770\/revisions"}],"predecessor-version":[{"id":16771,"href":"https:\/\/whys.dev\/en\/wp-json\/wp\/v2\/pages\/16770\/revisions\/16771"}],"wp:attachment":[{"href":"https:\/\/whys.dev\/en\/wp-json\/wp\/v2\/media?parent=16770"}],"curies":[{"name":"wp","href":"https:\/\/api.w.org\/{rel}","templated":true}]}}