{"id":16766,"date":"2021-12-26T16:29:37","date_gmt":"2021-12-26T16:29:37","guid":{"rendered":"https:\/\/whys.dev\/cookies-settings\/"},"modified":"2021-12-26T17:01:16","modified_gmt":"2021-12-26T17:01:16","slug":"cookies-settings","status":"publish","type":"page","link":"https:\/\/whys.dev\/en\/cookies-settings\/","title":{"rendered":"Cookies settings"},"content":{"rendered":"\t\t<div data-elementor-type=\"wp-page\" data-elementor-id=\"16766\" class=\"elementor elementor-16766 elementor-16697\" data-elementor-post-type=\"page\">\n\t\t\t\t\t\t<section class=\"elementor-section elementor-top-section elementor-element elementor-element-7505d79 elementor-section-full_width elementor-hidden-desktop elementor-section-height-default elementor-section-height-default\" data-id=\"7505d79\" data-element_type=\"section\">\n\t\t\t\t\t\t<div class=\"elementor-container elementor-column-gap-no\">\n\t\t\t\t\t<div class=\"elementor-column elementor-col-100 elementor-top-column elementor-element elementor-element-5ff26289\" data-id=\"5ff26289\" data-element_type=\"column\">\n\t\t\t<div class=\"elementor-widget-wrap elementor-element-populated\">\n\t\t\t\t\t\t<div class=\"elementor-element elementor-element-323ba6e7 elementor-widget elementor-widget-html\" data-id=\"323ba6e7\" data-element_type=\"widget\" data-widget_type=\"html.default\">\n\t\t\t\t<div class=\"elementor-widget-container\">\n\t\t\t\t\t<head>\r\n\t\t<meta charset=\"utf-8\" \/>\r\n\t\t<title>Whys - We make web and mobile apps<\/title>\r\n\t\t<!--[if IE]><meta http-equiv='X-UA-Compatible' content='IE=edge,chrome=1'><![endif]-->\r\n\t\t<meta name=\"viewport\" content=\"width=device-width, initial-scale=1.0, maximum-scale=1.0, user-scalable=no\" \/>\r\n\t\t<meta name=\"author\" content=\"Whys\" \/>\r\n\t\t<meta name=\"description\" content=\"We communicate, meet deadlines, and before designing a website we ask WHY thousand times. And then we deliver a functional solution.\" \/>\r\n\r\n\t\t<link rel=\"stylesheet\" href=\"\/whys.eu\/css\/style.css\" \/>\r\n\r\n\t\t<script src=\"https:\/\/code.jquery.com\/jquery-1.11.1.min.js\" type=\"text\/javascript\"><\/script>\r\n\t\t<script src=\"\/whys.eu\/js\/smooth-scroll.min.js\"><\/script>\r\n\t  \t<script src=\"\/whys.eu\/js\/functions-min.js\"><\/script>\r\n\t\t\r\n\t\t<link rel=\"shortcut icon\" href=\".\/favicon.ico\" \/>\r\n\r\n\t\t<meta property=\"og:type\" content=\"website\" \/>\r\n\t\t<meta property=\"og:site_name\" content=\"whys.dev\" \/>\r\n\t\t<meta property=\"og:url\" content=\"https:\/\/whys.dev\" \/>\r\n\t\t<meta property=\"og:title\" content=\"Whys\" \/>\r\n\t\t<meta property=\"og:description\" content=\"We make web and mobile apps\" \/>\r\n\t\t<meta property=\"og:image\" content=\"https:\/\/whys.dev\/cs\/img\/bg-header-image1-1280-withoutDesc.jpg\" \/>\r\n\r\n\t\t<link rel=\"canonical\" href=\"https:\/\/whys.dev\" \/>\r\n\t<\/head>\r\n\t\t<body class=\"page-homepage page-withImageHeader\">\r\n                <!-- Google Tag Manager (noscript) -->\r\n                <noscript><iframe src=\"https:\/\/www.googletagmanager.com\/ns.html?id=GTM-P9BCPTT\"\r\n                height=\"0\" width=\"0\" style=\"display:none;visibility:hidden\"><\/iframe><\/noscript>\r\n                <!-- End Google Tag Manager (noscript) -->\r\n\r\n\t\t<header id=\"header\" class=\"header\">\r\n\t\t\t<div class=\"row-m\">\r\n\t\t\t\t<a href=\"\/\" class=\"logo\"><img decoding=\"async\" src=\"\/whys.eu\/img\/logo-whys.svg\" alt=\"Logo - Whys\" title=\"\"><\/a>\r\n\t\t\t<\/div>\r\n\t\t<\/header>\t\t\r\n\t\t\r\n\t\t\t<nav id=\"menu-main\" class=\"menu-main\">\r\n\t\t\t<h1 class=\"vhide\">Main menu<\/h1>\r\n\t\t\t<ul class=\"reset ul-menu\">\r\n\t\t\t\t<li><a href=\"https:\/\/whys.dev\/en\/whyshop\/\">B2B a B2C e-shopy<\/a>\r\n\t\t\t\t<\/li>\r\n\t\t\t\t<li><a href=\"https:\/\/whys.dev\/en\/syncagent\/\">Integrace s ERP<\/a><\/li>\r\n\t\t\t\t<li><a href=\"https:\/\/whys.dev\/en\/services\/\">Slu\u017eby<\/a><\/li>\r\n\t\t\t\t<li><a href=\"https:\/\/whys.dev\/en\/our-work\/\">Reference<\/a><\/li>\r\n                    <li><a href=\"https:\/\/whys.dev\/en\/webinars\/\">Webin\u00e1\u0159e<\/a><\/li>                <li><a href=\"https:\/\/whys.dev\/en\/career\/\">Kari\u00e9ra<\/a><\/li>\r\n\t\t\t\t<li><a href=\"https:\/\/whys.dev\/en\/team\/\">T\u00fdm<\/a><\/li>\r\n\t\t\t\t<li class=\"blog_show\"><a href=\"https:\/\/whys.dev\/en\/blog\/\">Blog<\/a><\/li>\r\n\t\t\t\t<li class=\"contact\"><a href=\"https:\/\/whys.dev\/en\/contact\/\">Kontakt<\/a><\/li>\r\n\t\t\t<\/ul>\r\n\t\t<\/nav>\r\n\t\t<div class=\"abs-hamb\">\r\n\t\t\t<span><\/span>\r\n\t\t\t<span><\/span>\r\n\t\t\t<span><\/span>\r\n\t\t\t<span><\/span>\r\n\t\t\t<strong>Main menu<\/strong>\r\n\t\t<\/div>\r\n\t\t<a class=\"abs-call\" href=\"tel:+420 778 785 023\">Call number: +420 778 785 023<\/a>\r\n\r\n\t<\/body>\r\n<\/html>\r\n\r\n<style>\r\n.menu-main{\r\n    display:none;\r\n        z-index:99999;\r\n}\r\n\r\n.fakt_u a {color:white !important;}\r\n\r\n.header{\r\n    margin-top:-32px;\r\n}\r\n<\/style>\r\n\r\n\t\t<\/div>\n\t\t\t\t<\/div>\n\t\t\t\t\t<\/div>\n\t\t<\/div>\n\t\t\t\t\t<\/div>\n\t\t<\/section>\n\t\t\t\t<section class=\"elementor-section elementor-top-section elementor-element elementor-element-62cef477 elementor-section-full_width elementor-hidden-tablet elementor-hidden-phone elementor-section-height-default elementor-section-height-default\" data-id=\"62cef477\" data-element_type=\"section\">\n\t\t\t\t\t\t<div class=\"elementor-container elementor-column-gap-no\">\n\t\t\t\t\t<div class=\"elementor-column elementor-col-100 elementor-top-column elementor-element elementor-element-2d41aad8\" data-id=\"2d41aad8\" data-element_type=\"column\">\n\t\t\t<div class=\"elementor-widget-wrap elementor-element-populated\">\n\t\t\t\t\t\t\t<\/div>\n\t\t<\/div>\n\t\t\t\t\t<\/div>\n\t\t<\/section>\n\t\t\t\t<section class=\"elementor-section elementor-top-section elementor-element elementor-element-5d2c81c0 elementor-hidden-phone elementor-hidden-tablet elementor-section-boxed elementor-section-height-default elementor-section-height-default\" data-id=\"5d2c81c0\" data-element_type=\"section\">\n\t\t\t\t\t\t<div class=\"elementor-container elementor-column-gap-default\">\n\t\t\t\t\t<div class=\"elementor-column elementor-col-50 elementor-top-column elementor-element elementor-element-7007e7a8\" data-id=\"7007e7a8\" data-element_type=\"column\">\n\t\t\t<div class=\"elementor-widget-wrap elementor-element-populated\">\n\t\t\t\t\t\t<div class=\"elementor-element elementor-element-467fb751 elementor-widget elementor-widget-image\" data-id=\"467fb751\" data-element_type=\"widget\" data-widget_type=\"image.default\">\n\t\t\t\t<div class=\"elementor-widget-container\">\n\t\t\t\t\t\t\t\t\t\t\t\t\t\t<a href=\"\/en\">\n\t\t\t\t\t\t\t<img decoding=\"async\" width=\"1\" height=\"1\" src=\"https:\/\/whys.dev\/wp-content\/uploads\/2020\/12\/logo-whys-2.svg\" class=\"attachment-large size-large wp-image-120\" alt=\"\" title=\"\">\t\t\t\t\t\t\t\t<\/a>\n\t\t\t\t\t\t\t\t\t\t\t\t\t<\/div>\n\t\t\t\t<\/div>\n\t\t\t\t\t<\/div>\n\t\t<\/div>\n\t\t\t\t<div class=\"elementor-column elementor-col-50 elementor-top-column elementor-element elementor-element-3b980b4\" data-id=\"3b980b4\" data-element_type=\"column\">\n\t\t\t<div class=\"elementor-widget-wrap elementor-element-populated\">\n\t\t\t\t\t\t<div class=\"elementor-element elementor-element-10f14ab6 elementor-nav-menu__align-end elementor-nav-menu--dropdown-mobile main-menu elementor-nav-menu__text-align-aside elementor-nav-menu--toggle elementor-nav-menu--burger elementor-widget elementor-widget-nav-menu\" data-id=\"10f14ab6\" data-element_type=\"widget\" data-settings=\"{&quot;submenu_icon&quot;:{&quot;value&quot;:&quot;&lt;i class=\\&quot;fas fa-chevron-down\\&quot;&gt;&lt;\\\/i&gt;&quot;,&quot;library&quot;:&quot;fa-solid&quot;},&quot;layout&quot;:&quot;horizontal&quot;,&quot;toggle&quot;:&quot;burger&quot;}\" data-widget_type=\"nav-menu.default\">\n\t\t\t\t<div class=\"elementor-widget-container\">\n\t\t\t\t\t\t<nav class=\"elementor-nav-menu--main elementor-nav-menu__container elementor-nav-menu--layout-horizontal e--pointer-underline e--animation-grow\">\n\t\t\t\t<ul id=\"menu-1-10f14ab6\" class=\"elementor-nav-menu\"><li class=\"menu-item menu-item-type-custom menu-item-object-custom menu-item-has-children menu-item-14996\"><a class=\"elementor-item\">Services<\/a>\n<ul class=\"sub-menu elementor-nav-menu--dropdown\">\n\t<li class=\"menu-item menu-item-type-post_type menu-item-object-page menu-item-14993\"><a href=\"https:\/\/whys.dev\/en\/whyshop\/\" class=\"elementor-sub-item\">B2B and B2C e-shops<\/a><\/li>\n\t<li class=\"menu-item menu-item-type-post_type menu-item-object-page menu-item-14994\"><a href=\"https:\/\/whys.dev\/en\/symmy\/\" class=\"elementor-sub-item\">Symmy<\/a><\/li>\n\t<li class=\"menu-item menu-item-type-post_type menu-item-object-page menu-item-14990\"><a href=\"https:\/\/whys.dev\/en\/services\/\" class=\"elementor-sub-item\">Other services<\/a><\/li>\n<\/ul>\n<\/li>\n<li class=\"menu-item menu-item-type-post_type menu-item-object-page menu-item-15132\"><a href=\"https:\/\/whys.dev\/en\/our-work\/\" class=\"elementor-item\">References<\/a><\/li>\n<li class=\"menu-item menu-item-type-post_type menu-item-object-page menu-item-14995\"><a href=\"https:\/\/whys.dev\/en\/webinars\/\" class=\"elementor-item\">Webinars<\/a><\/li>\n<li class=\"menu-item menu-item-type-post_type menu-item-object-page menu-item-16665\"><a href=\"https:\/\/whys.dev\/en\/career\/\" class=\"elementor-item\">Career<\/a><\/li>\n<li class=\"menu-item menu-item-type-post_type menu-item-object-page menu-item-16674\"><a href=\"https:\/\/whys.dev\/en\/team\/\" class=\"elementor-item\">Team<\/a><\/li>\n<li class=\"menu-item menu-item-type-post_type menu-item-object-page menu-item-16681\"><a href=\"https:\/\/whys.dev\/en\/blog\/\" class=\"elementor-item\">Blog<\/a><\/li>\n<li class=\"menu-item menu-item-type-post_type menu-item-object-page menu-item-15129\"><a href=\"https:\/\/whys.dev\/en\/contact\/\" class=\"elementor-item\">Contact<\/a><\/li>\n<li class=\"menu-item wpml-ls-slot-6 wpml-ls-item wpml-ls-item-en wpml-ls-current-language wpml-ls-menu-item wpml-ls-last-item menu-item-type-wpml_ls_menu_item menu-item-object-wpml_ls_menu_item menu-item-has-children menu-item-wpml-ls-6-en\"><a href=\"https:\/\/whys.dev\/en\/\" title=\"EN\" class=\"elementor-item\"><span class=\"wpml-ls-display\">EN<\/span><\/a>\n<ul class=\"sub-menu elementor-nav-menu--dropdown\">\n\t<li class=\"menu-item wpml-ls-slot-6 wpml-ls-item wpml-ls-item-cs wpml-ls-menu-item wpml-ls-first-item menu-item-type-wpml_ls_menu_item menu-item-object-wpml_ls_menu_item menu-item-wpml-ls-6-cs\"><a href=\"https:\/\/whys.dev\/\" title=\"CZ\" class=\"elementor-sub-item\"><span class=\"wpml-ls-display\">CZ<\/span><\/a><\/li>\n<\/ul>\n<\/li>\n<\/ul>\t\t\t<\/nav>\n\t\t\t\t\t<div class=\"elementor-menu-toggle\" role=\"button\" tabindex=\"0\" aria-label=\"Menu Toggle\" aria-expanded=\"false\">\n\t\t\t<i aria-hidden=\"true\" role=\"presentation\" class=\"elementor-menu-toggle__icon--open eicon-menu-bar\"><\/i><i aria-hidden=\"true\" role=\"presentation\" class=\"elementor-menu-toggle__icon--close eicon-close\"><\/i>\t\t\t<span class=\"elementor-screen-only\">Menu<\/span>\n\t\t<\/div>\n\t\t\t\t\t<nav class=\"elementor-nav-menu--dropdown elementor-nav-menu__container\" aria-hidden=\"true\">\n\t\t\t\t<ul id=\"menu-2-10f14ab6\" class=\"elementor-nav-menu\"><li class=\"menu-item menu-item-type-custom menu-item-object-custom menu-item-has-children menu-item-14996\"><a class=\"elementor-item\" tabindex=\"-1\">Services<\/a>\n<ul class=\"sub-menu elementor-nav-menu--dropdown\">\n\t<li class=\"menu-item menu-item-type-post_type menu-item-object-page menu-item-14993\"><a href=\"https:\/\/whys.dev\/en\/whyshop\/\" class=\"elementor-sub-item\" tabindex=\"-1\">B2B and B2C e-shops<\/a><\/li>\n\t<li class=\"menu-item menu-item-type-post_type menu-item-object-page menu-item-14994\"><a href=\"https:\/\/whys.dev\/en\/symmy\/\" class=\"elementor-sub-item\" tabindex=\"-1\">Symmy<\/a><\/li>\n\t<li class=\"menu-item menu-item-type-post_type menu-item-object-page menu-item-14990\"><a href=\"https:\/\/whys.dev\/en\/services\/\" class=\"elementor-sub-item\" tabindex=\"-1\">Other services<\/a><\/li>\n<\/ul>\n<\/li>\n<li class=\"menu-item menu-item-type-post_type menu-item-object-page menu-item-15132\"><a href=\"https:\/\/whys.dev\/en\/our-work\/\" class=\"elementor-item\" tabindex=\"-1\">References<\/a><\/li>\n<li class=\"menu-item menu-item-type-post_type menu-item-object-page menu-item-14995\"><a href=\"https:\/\/whys.dev\/en\/webinars\/\" class=\"elementor-item\" tabindex=\"-1\">Webinars<\/a><\/li>\n<li class=\"menu-item menu-item-type-post_type menu-item-object-page menu-item-16665\"><a href=\"https:\/\/whys.dev\/en\/career\/\" class=\"elementor-item\" tabindex=\"-1\">Career<\/a><\/li>\n<li class=\"menu-item menu-item-type-post_type menu-item-object-page menu-item-16674\"><a href=\"https:\/\/whys.dev\/en\/team\/\" class=\"elementor-item\" tabindex=\"-1\">Team<\/a><\/li>\n<li class=\"menu-item menu-item-type-post_type menu-item-object-page menu-item-16681\"><a href=\"https:\/\/whys.dev\/en\/blog\/\" class=\"elementor-item\" tabindex=\"-1\">Blog<\/a><\/li>\n<li class=\"menu-item menu-item-type-post_type menu-item-object-page menu-item-15129\"><a href=\"https:\/\/whys.dev\/en\/contact\/\" class=\"elementor-item\" tabindex=\"-1\">Contact<\/a><\/li>\n<li class=\"menu-item wpml-ls-slot-6 wpml-ls-item wpml-ls-item-en wpml-ls-current-language wpml-ls-menu-item wpml-ls-last-item menu-item-type-wpml_ls_menu_item menu-item-object-wpml_ls_menu_item menu-item-has-children menu-item-wpml-ls-6-en\"><a href=\"https:\/\/whys.dev\/en\/\" title=\"EN\" class=\"elementor-item\" tabindex=\"-1\"><span class=\"wpml-ls-display\">EN<\/span><\/a>\n<ul class=\"sub-menu elementor-nav-menu--dropdown\">\n\t<li class=\"menu-item wpml-ls-slot-6 wpml-ls-item wpml-ls-item-cs wpml-ls-menu-item wpml-ls-first-item menu-item-type-wpml_ls_menu_item menu-item-object-wpml_ls_menu_item menu-item-wpml-ls-6-cs\"><a href=\"https:\/\/whys.dev\/\" title=\"CZ\" class=\"elementor-sub-item\" tabindex=\"-1\"><span class=\"wpml-ls-display\">CZ<\/span><\/a><\/li>\n<\/ul>\n<\/li>\n<\/ul>\t\t\t<\/nav>\n\t\t\t\t<\/div>\n\t\t\t\t<\/div>\n\t\t\t\t\t<\/div>\n\t\t<\/div>\n\t\t\t\t\t<\/div>\n\t\t<\/section>\n\t\t\t\t<section class=\"elementor-section elementor-top-section elementor-element elementor-element-1e4678a3 elementor-section-boxed elementor-section-height-default elementor-section-height-default\" data-id=\"1e4678a3\" data-element_type=\"section\">\n\t\t\t\t\t\t<div class=\"elementor-container elementor-column-gap-default\">\n\t\t\t\t\t<div class=\"elementor-column elementor-col-100 elementor-top-column elementor-element elementor-element-7d55c3d2\" data-id=\"7d55c3d2\" data-element_type=\"column\">\n\t\t\t<div class=\"elementor-widget-wrap elementor-element-populated\">\n\t\t\t\t\t\t<div class=\"elementor-element elementor-element-544ff1fc elementor-widget elementor-widget-heading\" data-id=\"544ff1fc\" data-element_type=\"widget\" data-widget_type=\"heading.default\">\n\t\t\t\t<div class=\"elementor-widget-container\">\n\t\t\t<h2 class=\"elementor-heading-title elementor-size-default\">Cookies settings<\/h2>\t\t<\/div>\n\t\t\t\t<\/div>\n\t\t\t\t\t<\/div>\n\t\t<\/div>\n\t\t\t\t\t<\/div>\n\t\t<\/section>\n\t\t\t\t<section class=\"elementor-section elementor-top-section elementor-element elementor-element-2bfd7ab elementor-section-boxed elementor-section-height-default elementor-section-height-default\" data-id=\"2bfd7ab\" data-element_type=\"section\">\n\t\t\t\t\t\t<div class=\"elementor-container elementor-column-gap-default\">\n\t\t\t\t\t<div class=\"elementor-column elementor-col-100 elementor-top-column elementor-element elementor-element-0c09c10\" data-id=\"0c09c10\" data-element_type=\"column\">\n\t\t\t<div class=\"elementor-widget-wrap elementor-element-populated\">\n\t\t\t\t\t\t<div class=\"elementor-element elementor-element-13d34e6 elementor-widget elementor-widget-text-editor\" data-id=\"13d34e6\" data-element_type=\"widget\" data-widget_type=\"text-editor.default\">\n\t\t\t\t<div class=\"elementor-widget-container\">\n\t\t\t\t\t\t\t<h2 class=\"p1\"><span style=\"color: #ffffff;\"><b>Cookies files<\/b><\/span><\/h2>\n<p class=\"p2\">Cookies are small files that websites (including ours) store in your web browser. The contents of these files are exchanged between your browser and our servers or those of our partners. We need some cookies for the website to function properly, and we need some cookies for marketing and statistical analytics. You can learn more about our cookie policy\u00a0<a href=\"https:\/\/whys.dev\/cookie-policy\/\"><span class=\"s1\">HERE<\/span><\/a>. On this page you can set which cookies we can use.<\/p>\n<p>\u00a0<\/p>\n<h2 class=\"p1\"><span style=\"color: #ffffff;\"><b>Essential cookies<\/b><\/span><\/h2>\n<p class=\"p2\">These are technical files that are necessary for the proper functioning of our website and all of its features. They are used, among other things, to store products in the shopping cart, display products on request, control filters, personal settings and also to set your consent to the use of cookies. Your consent is not required for these cookies and cannot be removed.<\/p>\n<p class=\"p2\"><input checked=\"checked\" disabled=\"disabled\" type=\"checkbox\" \/><label style=\"margin-left: 10px;\"> Enable essential cookies <\/label><\/p>\n<p>\u00a0<\/p>\n<h2 class=\"p1\"><span style=\"color: #ffffff;\"><b>Analytical cookies<\/b><\/span><\/h2>\n<p class=\"p2\">They help to improve and streamline the functionality of websites by tracking visitor activity on them. Thanks to analytics cookies, a website can, for example, remember a visitor&#8217;s past preferences or speed up the processing of their request. To use cookies of this kind, the website operator needs the consent of the data subject. Without such consent, analytical cookies cannot be used<\/p>\n<p class=\"p2\"><input id=\"consent_analytics\" type=\"checkbox\" \/><label style=\"margin-left: 10px;\" for=\"consent_analytics\"> Enable analytical cookies <\/label><\/p>\n<p>\u00a0<\/p>\n<h2 class=\"p1\"><span style=\"color: #ffffff;\"><b>Remarketing cookies<\/b><\/span><\/h2>\n<p class=\"p2\">They collect personal data about the user for marketing purposes. For example, they collect information in order to tailor the advertising offered to the customer&#8217;s interests, to link to social networks, etc. To use cookies of this kind, the website operator needs the consent of the data subject. Without such consent, remarketing cookies cannot be used<\/p>\n<p class=\"p2\"><input id=\"consent_remarketing\" type=\"checkbox\" \/><label style=\"margin-left: 10px;\" for=\"consent_remarketing\"> Enable remarketing cookies<\/label><\/p>\n<p>\u00a0<\/p>\n<p class=\"p2\"><button id=\"consent_save\" class=\"button\" style=\"color: white; background: #45BA89; border: none; font-family: TT Days Sans; padding: 10px 40px;\" type=\"button\" data-darkreader-inline-color=\"\" data-darkreader-inline-bgimage=\"\" data-darkreader-inline-bgcolor=\"\" data-darkreader-inline-border-top=\"\" data-darkreader-inline-border-right=\"\" data-darkreader-inline-border-bottom=\"\" data-darkreader-inline-border-left=\"\">Save settings<\/button><\/p>\n\t\t\t\t\t\t<\/div>\n\t\t\t\t<\/div>\n\t\t\t\t\t<\/div>\n\t\t<\/div>\n\t\t\t\t\t<\/div>\n\t\t<\/section>\n\t\t\t\t<section class=\"elementor-section elementor-top-section elementor-element elementor-element-235337ac elementor-section-boxed elementor-section-height-default elementor-section-height-default\" data-id=\"235337ac\" data-element_type=\"section\">\n\t\t\t\t\t\t<div class=\"elementor-container elementor-column-gap-default\">\n\t\t\t\t\t<div class=\"elementor-column elementor-col-50 elementor-top-column elementor-element elementor-element-50799f42\" data-id=\"50799f42\" data-element_type=\"column\" data-settings=\"{&quot;background_background&quot;:&quot;gradient&quot;}\">\n\t\t\t<div class=\"elementor-widget-wrap elementor-element-populated\">\n\t\t\t\t\t\t<div class=\"elementor-element elementor-element-5c02fe58 elementor-widget elementor-widget-heading\" data-id=\"5c02fe58\" data-element_type=\"widget\" data-widget_type=\"heading.default\">\n\t\t\t\t<div class=\"elementor-widget-container\">\n\t\t\t<h2 class=\"elementor-heading-title elementor-size-default\">Follow us on social networks!<\/h2>\t\t<\/div>\n\t\t\t\t<\/div>\n\t\t\t\t\t<\/div>\n\t\t<\/div>\n\t\t\t\t<div class=\"elementor-column elementor-col-50 elementor-top-column elementor-element elementor-element-7f0536fe\" data-id=\"7f0536fe\" data-element_type=\"column\" data-settings=\"{&quot;background_background&quot;:&quot;classic&quot;}\">\n\t\t\t<div class=\"elementor-widget-wrap elementor-element-populated\">\n\t\t\t\t\t\t<div class=\"elementor-element elementor-element-5b0c0a90 elementor-cta--skin-cover elementor-widget elementor-widget-call-to-action\" data-id=\"5b0c0a90\" data-element_type=\"widget\" data-widget_type=\"call-to-action.default\">\n\t\t\t\t<div class=\"elementor-widget-container\">\n\t\t\t\t\t<a class=\"elementor-cta\" href=\"https:\/\/www.linkedin.com\/organization-guest\/company\/wearewhys\" target=\"_blank\" rel=\"noopener\">\n\t\t\t\t\t<div class=\"elementor-cta__bg-wrapper\">\n\t\t\t\t<div class=\"elementor-cta__bg elementor-bg\" style=\"background-image: url();\" role=\"img\" aria-label=\"\"><\/div>\n\t\t\t\t<div class=\"elementor-cta__bg-overlay\"><\/div>\n\t\t\t<\/div>\n\t\t\t\t\t\t\t<div class=\"elementor-cta__content\">\n\t\t\t\t\t\t\t\t\t<div class=\"elementor-content-item elementor-cta__content-item elementor-icon-wrapper elementor-cta__icon elementor-view-default\">\n\t\t\t\t\t\t<div class=\"elementor-icon\">\n\t\t\t\t\t\t\t<i aria-hidden=\"true\" class=\"fab fa-linkedin-in\"><\/i>\t\t\t\t\t\t<\/div>\n\t\t\t\t\t<\/div>\n\t\t\t\t\n\t\t\t\t\n\t\t\t\t\n\t\t\t\t\t\t\t<\/div>\n\t\t\t\t\t\t<\/a>\n\t\t\t\t<\/div>\n\t\t\t\t<\/div>\n\t\t\t\t\t<\/div>\n\t\t<\/div>\n\t\t\t\t\t<\/div>\n\t\t<\/section>\n\t\t\t\t<section class=\"elementor-section elementor-top-section elementor-element elementor-element-2eae6ee4 elementor-section-height-min-height elementor-section-items-stretch elementor-section-boxed elementor-section-height-default\" data-id=\"2eae6ee4\" data-element_type=\"section\" data-settings=\"{&quot;background_background&quot;:&quot;classic&quot;}\">\n\t\t\t\t\t\t<div class=\"elementor-container elementor-column-gap-no\">\n\t\t\t\t\t<div class=\"elementor-column elementor-col-100 elementor-top-column elementor-element elementor-element-407eb3fd\" data-id=\"407eb3fd\" data-element_type=\"column\" data-settings=\"{&quot;background_background&quot;:&quot;classic&quot;}\">\n\t\t\t<div class=\"elementor-widget-wrap elementor-element-populated\">\n\t\t\t\t\t\t<div class=\"elementor-element elementor-element-c710103 elementor-widget elementor-widget-text-editor\" data-id=\"c710103\" data-element_type=\"widget\" data-widget_type=\"text-editor.default\">\n\t\t\t\t<div class=\"elementor-widget-container\">\n\t\t\t\t\t\t\t<p>\u00a92021 Whys | <a href=\"https:\/\/whys.dev\/en\/cookies-settings\/\">Cookies settings<\/a> | <a href=\"https:\/\/whys.dev\/en\/cookie-policy\/\">Cookie policy<\/a><\/p>\n<div id=\"gtx-trans\" style=\"position: absolute; left: 104px; top: -10px;\">\n<div class=\"gtx-trans-icon\"><\/div>\n<\/div>\n\t\t\t\t\t\t<\/div>\n\t\t\t\t<\/div>\n\t\t\t\t\t<\/div>\n\t\t<\/div>\n\t\t\t\t\t<\/div>\n\t\t<\/section>\n\t\t\t\t<\/div>\n\t\t","protected":false},"excerpt":{"rendered":"<p>Whys &#8211; We make web and mobile apps Main menu B2B a B2C e-shopy Integrace s ERP Slu\u017eby Reference Webin\u00e1\u0159e Kari\u00e9ra T\u00fdm Blog Kontakt Main menu Call number: +420 778 785 023 Cookies files Cookies are small files that websites (including ours) store in your web browser. The contents of these files are exchanged between [&hellip;]<\/p>\n","protected":false},"author":1,"featured_media":0,"parent":0,"menu_order":0,"comment_status":"closed","ping_status":"closed","template":"elementor_canvas","meta":{"_acf_changed":false,"footnotes":""},"class_list":["post-16766","page","type-page","status-publish","hentry"],"acf":[],"_links":{"self":[{"href":"https:\/\/whys.dev\/en\/wp-json\/wp\/v2\/pages\/16766","targetHints":{"allow":["GET"]}}],"collection":[{"href":"https:\/\/whys.dev\/en\/wp-json\/wp\/v2\/pages"}],"about":[{"href":"https:\/\/whys.dev\/en\/wp-json\/wp\/v2\/types\/page"}],"author":[{"embeddable":true,"href":"https:\/\/whys.dev\/en\/wp-json\/wp\/v2\/users\/1"}],"replies":[{"embeddable":true,"href":"https:\/\/whys.dev\/en\/wp-json\/wp\/v2\/comments?post=16766"}],"version-history":[{"count":5,"href":"https:\/\/whys.dev\/en\/wp-json\/wp\/v2\/pages\/16766\/revisions"}],"predecessor-version":[{"id":16773,"href":"https:\/\/whys.dev\/en\/wp-json\/wp\/v2\/pages\/16766\/revisions\/16773"}],"wp:attachment":[{"href":"https:\/\/whys.dev\/en\/wp-json\/wp\/v2\/media?parent=16766"}],"curies":[{"name":"wp","href":"https:\/\/api.w.org\/{rel}","templated":true}]}}